{"id":508,"date":"2017-05-03T19:20:10","date_gmt":"2017-05-03T17:20:10","guid":{"rendered":"http:\/\/bdvlegal.com\/?page_id=508"},"modified":"2025-12-28T16:09:13","modified_gmt":"2025-12-28T15:09:13","slug":"pravne-obavijesti","status":"publish","type":"page","link":"https:\/\/www.bdvlegal.com\/hr\/pravne-obavijesti\/","title":{"rendered":"Pravne obavijesti"},"content":{"rendered":"<div>\n<h3>Pravne obavijesti<\/h3>\n<\/div>\n<h2>Op\u0107e obavijesti i uvjeti kori\u0161tenja<\/h2>\n<div>\n<p>Batarelo Vuchetich Sadri\u0107 odvjetni\u010dko dru\u0161tvo d.o.o.. (\u201eBDV\u201d) je odvjetni\u010dko dru\u0161tvo osnovano i registrirano u Republici Hrvatskoj:<\/p>\n<\/div>\n<div>\n<p>Batarelo Vuchetich Sadri\u0107 odvjetni\u010dko dru\u0161tvo d.o.o.,<br \/>Ulica kralja Dr\u017eislava 8, 10000 Zagreb,<br \/>OIB: 32850554658,<br \/>Upisano u sudski registar Trgova\u010dkog suda u Zagrebu, MBS: 081100121,<br \/>PDV: HR32850554658,<br \/>IBAN: HR9623400091110867527; Banka: Privredna banka Zagreb d.d., Zagreb, Radni\u010dka cesta 50<br \/>\u010clanovi uprave: Laurenz Wolfgang Vuchetich, Vladimir Ante Batarelo<br \/>Temeljni kapital: 46.530,00 EUR<\/p>\n<\/div>\n<div>HOK osiguranje d. d. pru\u017ea BDV-u osiguranje od profesionalne odgovornosti.<\/div>\n<div>BDV je kao odvjetni\u010dko dru\u0161tvo odobrila i regulirala Hrvatska odvjetni\u010dka komora. Informacije o propisima Kodeksa odvjetni\u010dke etike (\u201eKodeks\u201c) mo\u017eete prona\u0107i na mre\u017enoj stranici <a href=\"https:\/\/www.hok-cba.hr\/\" target=\"_blank\" rel=\"nofollow noopener\">https:\/\/www.hok-cba.hr\/<\/a>. Kodeks i drugi propisi na koje Kodeks upu\u0107uje, ure\u0111uju poslovanje dru\u0161tva.<\/div>\n<div>Ovu je mre\u017enu stranicu izradio BDV. Pristupanjem na BDV-ovu mre\u017enu stranicu, sla\u017eete se sa sljede\u0107im:<\/div>\n<ul>\n<li>\n<div>da \u0107ete ju koristiti isklju\u010divo za svoju vlastitu privatnu upotrebu ili za svoje zakonito poslovanje;<\/div>\n<\/li>\n<li>\n<div>da ne\u0107ete kopirati, reproducirati ili distribuirati bilo koji od sadr\u017eaja ove mre\u017ene stranice ili koristiti sadr\u017eaj mre\u017ene stranice u komercijalne svrhe ili za pribavljanje materijalne koristi;<\/div>\n<\/li>\n<li>\n<div>da ne\u0107ete slati ne\u017eeljenu elektroni\u010dku po\u0161tu niti upu\u0107ivati ne\u017eeljene telefonske pozive za ogla\u0161avanje, istra\u017eivanje tr\u017ei\u0161ta ili ilegalne ili nemoralne svrhe na adrese elektroni\u010dke po\u0161te i brojeve telefona navedene na BDV-ovoj mre\u017enoj stranici.<\/div>\n<\/li>\n<\/ul>\n<h2>Zahtjev za pru\u017eanje pravnih usluga<\/h2>\n<div>\n<p>Ova mre\u017ena stranica namijenjena je osobama koje \u017eele saznati vi\u0161e o BDV-u. Namjena ove mre\u017ene stranice nije prikupljanje klijenata ili pru\u017eanje pravnih savjeta, a informacije pru\u017eene na ovoj mre\u017enoj stranici slu\u017ee samo kao op\u0107e informacije i ne tvrdimo da su sveobuhvatne ili da pru\u017eaju pravne ili druge savjete. Posjetitelji ove stranice moraju se suzdr\u017eati od bilo kakvih postupanja temeljenih na informacijama s ove mre\u017ene stranice. BDV ne preuzima odgovornost glede poduzetih ili propu\u0161tenih radnji utemeljenih na bilo kojem sadr\u017eaju ove mre\u017ene stranice.<\/p>\n<p>Informacije dostupne na ovoj mre\u017enoj stranici posjetitelji ne smiju smatrati pozivom za uspostavljanje odnosa odvjetnik \u2013 klijent niti ovdje navedene informacije smiju smatrati pravnim savjetom danim u bilo koju svrhu.<\/p>\n<p>Namjena ove mre\u017ene stranice nije ogla\u0161avanje pravnih usluga ili tra\u017eenje klijenata. BDV ne ogla\u0161ava pravne usluge niti implicira da je bilo tko od njegovih zaposlenika ovla\u0161ten za pru\u017eanje pravnih usluga u svim jurisdikcijama u kojima je dostupan sadr\u017eaj ove mre\u017ene stranice.<\/p>\n<p>Ako ste zainteresirani za pravno savjetovanje od strane BDV-a, molimo da nas kontaktirate telefonom, elektroni\u010dkom po\u0161tom ili na drugi na\u010din kako bismo utvrdili je li rije\u010d o pravnoj stvari za koju smo u mogu\u0107nosti prihvatiti profesionalni anga\u017eman.<\/p>\n<\/div>\n<h2>Prava intelektualnog vlasni\u0161tva<\/h2>\n<div>\n<p>Mi (ili na\u0161i suradnici ili tre\u0107e strane koje su nas ovlastile da reproduciramo i koristimo njihove materijale na ovoj mre\u017enoj stranici) pridr\u017eavamo sva prava intelektualnog vlasni\u0161tva na ovoj mre\u017enoj stranici. Koriste\u0107i ovu mre\u017enu stranicu, ne ostvarujete pravo kopiranja, reproduciranja, distribuiranja ili kori\u0161tenja sadr\u017eaja mre\u017ene stranice u komercijalne svrhe ili radi stjecanja komercijalne koristi. Mo\u017eete \u010ditati sadr\u017eaj i raditi kopije samo za svoju osobnu upotrebu.\n<\/p>\n<p>Posjetom ove stranice ne ostvarujete pravo koristiti, kopirati, reproducirati, objavljivati, prenositi, distribuirati ili mijenjati BDV znakove, na bilo koji na\u010din, bez prethodnog pisanog pristanka BDV-a. Ne smijete koristiti BDV znakove, BDV ime ili bilo koji simbol koji bi mogao implicirati BDV-ovo odobrenje u bilo kojem obliku ogla\u0161avanja ili prezentacije, bez prethodne pisane suglasnosti BDV-a.<\/p>\n<\/div>\n<div>\n<p>\u00a92017 Batarelo Vuchetich Sadri\u0107 odvjetni\u010dko dru\u0161tvo d.o.o. Sva su prava pridr\u017eana.<\/p>\n<\/div>\n<div>Posljednje izmjene Uvjeta kori\u0161tenja: 2. listopada 2018.<\/div>\n<p><!--more--><br \/>\n<!-- {\"type\":\"layout\",\"children\":[{\"type\":\"section\",\"props\":{\"animation\":\"slide-left-small\",\"animation_delay\":\"100\",\"class\":\"gradient-top-light\",\"divider_color\":\"#FFFFFF\",\"divider_color_inherit_section\":false,\"divider_flip\":false,\"divider_height\":\"120\",\"divider_invert\":true,\"divider_layers_gap\":\"5\",\"divider_layers_opacity\":\"0.5\",\"divider_position\":\"bottom\",\"divider_responsive\":true,\"divider_shadow\":\"enable\",\"divider_shadow_blur_radius\":\"10\",\"divider_shadow_color\":\"rgba(0, 0, 0, 0.3)\",\"divider_shadow_offset_x\":\"0\",\"divider_shadow_offset_y\":\"5\",\"divider_shape\":\"tilt\",\"divider_width\":\"100\",\"header_transparent\":true,\"header_transparent_text_color\":\"dark\",\"height\":\"viewport\",\"height_viewport\":60,\"image\":\"wp-content\\\/uploads\\\/2025\\\/03\\\/leaf-pattern-bw-hd.jpg\",\"image_height\":1280,\"image_position\":\"center-center\",\"image_size\":\"cover\",\"image_width\":1920,\"media_overlay\":\"rgba(255, 255, 255, 0.85)\",\"padding\":\"xlarge\",\"padding_custom_bottom\":\"70\",\"padding_custom_top\":\"70\",\"padding_remove_bottom\":true,\"preserve_color\":false,\"style\":\"muted\",\"style_custom_color\":\"#ccc\",\"text_color\":\"dark\",\"title_breakpoint\":\"xl\",\"title_position\":\"top-left\",\"title_rotation\":\"left\",\"vertical_align\":\"bottom\",\"width\":\"default\"},\"children\":[{\"type\":\"row\",\"children\":[{\"type\":\"column\",\"props\":{\"image_position\":\"center-center\",\"position_sticky_breakpoint\":\"m\",\"width_medium\":\"auto\",\"width_small\":\"auto\"},\"children\":[{\"type\":\"panel\",\"props\":{\"animation\":\"none\",\"class\":\"uk-card-shadow uk-card-light uk-card-border-bottom\",\"content_column_breakpoint\":\"m\",\"icon_width\":80,\"image_align\":\"top\",\"image_grid_breakpoint\":\"m\",\"image_grid_width\":\"1-2\",\"image_svg_color\":\"emphasis\",\"link_style\":\"default\",\"link_text\":\"Read more\",\"margin\":\"remove-vertical\",\"meta_align\":\"above-title\",\"meta_element\":\"h1\",\"meta_style\":\"heading-medium\",\"panel_padding\":\"default\",\"panel_style\":\"card-default\",\"parallax_breakpoint\":\"s\",\"parallax_x\":\"-20px 0%,-20px 100%\",\"parallax_y\":\"170px 0%,225px 100%\",\"position\":\"relative\",\"position_bottom\":\"3vh\",\"position_z_index\":\"3\",\"title\":\"Pravne obavijesti\",\"title_align\":\"top\",\"title_element\":\"h3\",\"title_font_family\":\"secondary\",\"title_grid_breakpoint\":\"m\",\"title_grid_width\":\"1-2\",\"title_hover_style\":\"reset\",\"title_margin\":\"medium\",\"title_style\":\"heading-medium\"}}]},{\"type\":\"column\",\"props\":{\"image_position\":\"center-center\",\"position_sticky_breakpoint\":\"m\",\"width_medium\":\"expand\",\"width_small\":\"expand\"}}],\"props\":{\"layout\":\"large,expand\"}}],\"name\":\"hero\"},{\"type\":\"section\",\"props\":{\"divider_color\":\"#262223\",\"divider_flip\":true,\"divider_height\":\"120\",\"divider_layers_gap\":\"5\",\"divider_layers_opacity\":\"0.5\",\"divider_position\":\"bottom\",\"divider_responsive\":true,\"divider_shadow_blur_radius\":\"5\",\"divider_shadow_color\":\"#00000080\",\"divider_shadow_offset_x\":\"0\",\"divider_shadow_offset_y\":\"5\",\"divider_shape\":\"tilt\",\"divider_width\":\"100\",\"image_position\":\"center-center\",\"padding_custom_bottom\":\"70\",\"padding_custom_top\":\"70\",\"padding_remove_bottom\":false,\"style\":\"default\",\"style_custom_color\":\"#ccc\",\"title_breakpoint\":\"xl\",\"title_position\":\"top-left\",\"title_rotation\":\"left\",\"vertical_align\":\"middle\",\"width\":\"default\"},\"children\":[{\"type\":\"row\",\"children\":[{\"type\":\"column\",\"props\":{\"image_position\":\"center-center\",\"padding\":\"none\",\"position_sticky_breakpoint\":\"m\"},\"children\":[{\"type\":\"headline\",\"props\":{\"content\":\"Op\\u0107e obavijesti i uvjeti kori\\u0161tenja\",\"title_element\":\"h2\"}},{\"type\":\"text\",\"props\":{\"column_breakpoint\":\"m\",\"content\":\"\n\n<p>Batarelo Vuchetich Sadri\\u0107 odvjetni\\u010dko dru\\u0161tvo d.o.o.. (\\u201eBDV\\u201d) je odvjetni\\u010dko dru\\u0161tvo osnovano i registrirano u Republici Hrvatskoj:<\\\/p>\",\"margin\":\"default\"}},{\"type\":\"text\",\"props\":{\"column_breakpoint\":\"m\",\"content\":\"\n\n<p>Batarelo Vuchetich Sadri\\u0107 odvjetni\\u010dko dru\\u0161tvo d.o.o.,<br \\\/>Ulica kralja Dr\\u017eislava 8, 10000 Zagreb,<br \\\/>OIB: 32850554658,<br \\\/>Upisano u sudski registar Trgova\\u010dkog suda u Zagrebu, MBS: 081100121,<br \\\/>PDV: HR32850554658,<br \\\/>IBAN: HR9623400091110867527; Banka: Privredna banka Zagreb d.d., Zagreb, Radni\\u010dka cesta 50<br \\\/>\\u010clanovi uprave: Laurenz Wolfgang Vuchetich, Vladimir Ante Batarelo<br \\\/>Temeljni kapital: 46.530,00 EUR<\\\/p>\",\"margin\":\"default\"}},{\"type\":\"text\",\"props\":{\"column_breakpoint\":\"m\",\"content\":\"HOK osiguranje d. d. pru\\u017ea BDV-u osiguranje od profesionalne odgovornosti.\",\"margin\":\"default\"}},{\"type\":\"text\",\"props\":{\"column_breakpoint\":\"m\",\"content\":\"BDV je kao odvjetni\\u010dko dru\\u0161tvo odobrila i regulirala Hrvatska odvjetni\\u010dka komora. Informacije o propisima Kodeksa odvjetni\\u010dke etike (\\u201eKodeks\\u201c) mo\\u017eete prona\\u0107i na mre\\u017enoj stranici <a href=\\\"https:\\\/\\\/www.hok-cba.hr\\\/\\\" target=\\\"_blank\\\">https:\\\/\\\/www.hok-cba.hr\\\/<\\\/a>. Kodeks i drugi propisi na koje Kodeks upu\\u0107uje, ure\\u0111uju poslovanje dru\\u0161tva.\",\"margin\":\"default\",\"maxwidth\":\"2xlarge\"}},{\"type\":\"text\",\"props\":{\"column_breakpoint\":\"m\",\"content\":\"Ovu je mre\\u017enu stranicu izradio BDV. Pristupanjem na BDV-ovu mre\\u017enu stranicu, sla\\u017eete se sa sljede\\u0107im:\",\"margin\":\"default\",\"margin_remove_bottom\":true}},{\"type\":\"list\",\"props\":{\"column\":\"1-2\",\"column_breakpoint\":\"m\",\"icon\":\"bootstrap--check-lg\",\"image_align\":\"left\",\"image_svg_color\":\"emphasis\",\"image_vertical_align\":false,\"list_element\":\"ul\",\"list_horizontal_separator\":\", \",\"list_type\":\"vertical\",\"margin\":\"small\",\"margin_remove_top\":false,\"maxwidth\":\"2xlarge\",\"show_image\":true,\"show_link\":true},\"children\":[{\"type\":\"list_item\",\"props\":{\"content\":\"da \\u0107ete ju koristiti isklju\\u010divo za svoju vlastitu privatnu upotrebu ili za svoje zakonito poslovanje;\"}},{\"type\":\"list_item\",\"props\":{\"content\":\"da ne\\u0107ete kopirati, reproducirati ili distribuirati bilo koji od sadr\\u017eaja ove mre\\u017ene stranice ili koristiti sadr\\u017eaj mre\\u017ene stranice u komercijalne svrhe ili za pribavljanje materijalne koristi;\"}},{\"type\":\"list_item\",\"props\":{\"content\":\"da ne\\u0107ete slati ne\\u017eeljenu elektroni\\u010dku po\\u0161tu niti upu\\u0107ivati ne\\u017eeljene telefonske pozive za ogla\\u0161avanje, istra\\u017eivanje tr\\u017ei\\u0161ta ili ilegalne ili nemoralne svrhe na adrese elektroni\\u010dke po\\u0161te i brojeve telefona navedene na BDV-ovoj mre\\u017enoj stranici.\"}}]}]}],\"props\":{\"divider\":true,\"margin\":\"large\",\"margin_remove_top\":true}},{\"type\":\"row\",\"props\":{\"margin\":\"large\"},\"children\":[{\"type\":\"column\",\"props\":{\"image_position\":\"center-center\",\"position_sticky_breakpoint\":\"m\"},\"children\":[{\"type\":\"headline\",\"props\":{\"content\":\"Zahtjev za pru\\u017eanje pravnih usluga\",\"title_element\":\"h2\"}},{\"type\":\"text\",\"props\":{\"column\":\"1-2\",\"column_breakpoint\":\"s\",\"content\":\"\n\n<p>Ova mre\\u017ena stranica namijenjena je osobama koje \\u017eele saznati vi\\u0161e o BDV-u. Namjena ove mre\\u017ene stranice nije prikupljanje klijenata ili pru\\u017eanje pravnih savjeta, a informacije pru\\u017eene na ovoj mre\\u017enoj stranici slu\\u017ee samo kao op\\u0107e informacije i ne tvrdimo da su sveobuhvatne ili da pru\\u017eaju pravne ili druge savjete. Posjetitelji ove stranice moraju se suzdr\\u017eati od bilo kakvih postupanja temeljenih na informacijama s ove mre\\u017ene stranice. BDV ne preuzima odgovornost glede poduzetih ili propu\\u0161tenih radnji utemeljenih na bilo kojem sadr\\u017eaju ove mre\\u017ene stranice.<\\\/p>\\n\n\n<p>Informacije dostupne na ovoj mre\\u017enoj stranici posjetitelji ne smiju smatrati pozivom za uspostavljanje odnosa odvjetnik \\u2013 klijent niti ovdje navedene informacije smiju smatrati pravnim savjetom danim u bilo koju svrhu.<\\\/p>\\n\n\n<p>Namjena ove mre\\u017ene stranice nije ogla\\u0161avanje pravnih usluga ili tra\\u017eenje klijenata. BDV ne ogla\\u0161ava pravne usluge niti implicira da je bilo tko od njegovih zaposlenika ovla\\u0161ten za pru\\u017eanje pravnih usluga u svim jurisdikcijama u kojima je dostupan sadr\\u017eaj ove mre\\u017ene stranice.<\\\/p>\\n\n\n<p>Ako ste zainteresirani za pravno savjetovanje od strane BDV-a, molimo da nas kontaktirate telefonom, elektroni\\u010dkom po\\u0161tom ili na drugi na\\u010din kako bismo utvrdili je li rije\\u010d o pravnoj stvari za koju smo u mogu\\u0107nosti prihvatiti profesionalni anga\\u017eman.<\\\/p>\",\"margin\":\"default\",\"maxwidth\":\"2xlarge\"}}]}]},{\"type\":\"row\",\"props\":{\"margin\":\"large\",\"width\":\"default\"},\"children\":[{\"type\":\"column\",\"props\":{\"image_position\":\"center-center\",\"position_sticky_breakpoint\":\"m\"},\"children\":[{\"type\":\"headline\",\"props\":{\"content\":\"Prava intelektualnog vlasni\\u0161tva\",\"title_element\":\"h2\"}},{\"type\":\"text\",\"props\":{\"column\":\"1-2\",\"column_breakpoint\":\"s\",\"content\":\"\n\n<p>Mi (ili na\\u0161i suradnici ili tre\\u0107e strane koje su nas ovlastile da reproduciramo i koristimo njihove materijale na ovoj mre\\u017enoj stranici) pridr\\u017eavamo sva prava intelektualnog vlasni\\u0161tva na ovoj mre\\u017enoj stranici. Koriste\\u0107i ovu mre\\u017enu stranicu, ne ostvarujete pravo kopiranja, reproduciranja, distribuiranja ili kori\\u0161tenja sadr\\u017eaja mre\\u017ene stranice u komercijalne svrhe ili radi stjecanja komercijalne koristi. Mo\\u017eete \\u010ditati sadr\\u017eaj i raditi kopije samo za svoju osobnu upotrebu.\\n<\\\/p>\\n\n\n<p>Posjetom ove stranice ne ostvarujete pravo koristiti, kopirati, reproducirati, objavljivati, prenositi, distribuirati ili mijenjati BDV znakove, na bilo koji na\\u010din, bez prethodnog pisanog pristanka BDV-a. Ne smijete koristiti BDV znakove, BDV ime ili bilo koji simbol koji bi mogao implicirati BDV-ovo odobrenje u bilo kojem obliku ogla\\u0161avanja ili prezentacije, bez prethodne pisane suglasnosti BDV-a.<\\\/p>\",\"margin\":\"default\",\"maxwidth\":\"2xlarge\"}}]}]},{\"type\":\"row\",\"props\":{\"class\":\"uk-margin-large-bottom\",\"margin\":\"large\",\"width\":\"default\"},\"children\":[{\"type\":\"column\",\"props\":{\"image_position\":\"center-center\",\"position_sticky_breakpoint\":\"m\"},\"children\":[{\"type\":\"text\",\"props\":{\"column_breakpoint\":\"s\",\"content\":\"\n\n<p>\\u00a92017 Batarelo Vuchetich Sadri\\u0107 odvjetni\\u010dko dru\\u0161tvo d.o.o. Sva su prava pridr\\u017eana.<\\\/p>\",\"margin\":\"small\",\"maxwidth\":\"2xlarge\"}},{\"type\":\"text\",\"props\":{\"column_breakpoint\":\"s\",\"content\":\"Posljednje izmjene Uvjeta kori\\u0161tenja: 2. listopada 2018.\",\"margin\":\"small\",\"maxwidth\":\"2xlarge\"}}]}]}]}],\"version\":\"4.5.31\",\"yooessentialsVersion\":\"2.4.9\"} --><\/p>\n","protected":false},"excerpt":{"rendered":"<p>Pravne obavijesti Op\u0107e obavijesti i uvjeti kori\u0161tenja Batarelo Vuchetich Sadri\u0107 odvjetni\u010dko dru\u0161tvo d.o.o.. (\u201eBDV\u201d) je odvjetni\u010dko dru\u0161tvo osnovano i registrirano u Republici Hrvatskoj: Batarelo Vuchetich Sadri\u0107 odvjetni\u010dko dru\u0161tvo d.o.o.,Ulica kralja Dr\u017eislava 8, 10000 Zagreb,OIB: 32850554658,Upisano u sudski registar Trgova\u010dkog suda u Zagrebu, MBS: 081100121,PDV: HR32850554658,IBAN: HR9623400091110867527; Banka: Privredna banka Zagreb d.d., Zagreb, Radni\u010dka cesta 50\u010clanovi uprave: Laurenz Wolfgang Vuchetich, Vladimir Ante BatareloTemeljni kapital: 46.530,00 EUR HOK osiguranje d. d. pru\u017ea BDV-u osiguranje od profesionalne odgovornosti. BDV je kao odvjetni\u010dko dru\u0161tvo odobrila i regulirala Hrvatska odvjetni\u010dka komora. Informacije o propisima Kodeksa odvjetni\u010dke etike (\u201eKodeks\u201c) mo\u017eete prona\u0107i na mre\u017enoj stranici https:\/\/www.hok-cba.hr\/. Kodeks [&hellip;]<\/p>\n","protected":false},"author":6,"featured_media":1457,"parent":0,"menu_order":0,"comment_status":"closed","ping_status":"closed","template":"","meta":{"_acf_changed":false,"footnotes":""},"folder":[221],"class_list":["post-508","page","type-page","status-publish","has-post-thumbnail","hentry"],"acf":[],"_links":{"self":[{"href":"https:\/\/www.bdvlegal.com\/hr\/wp-json\/wp\/v2\/pages\/508","targetHints":{"allow":["GET"]}}],"collection":[{"href":"https:\/\/www.bdvlegal.com\/hr\/wp-json\/wp\/v2\/pages"}],"about":[{"href":"https:\/\/www.bdvlegal.com\/hr\/wp-json\/wp\/v2\/types\/page"}],"author":[{"embeddable":true,"href":"https:\/\/www.bdvlegal.com\/hr\/wp-json\/wp\/v2\/users\/6"}],"replies":[{"embeddable":true,"href":"https:\/\/www.bdvlegal.com\/hr\/wp-json\/wp\/v2\/comments?post=508"}],"version-history":[{"count":0,"href":"https:\/\/www.bdvlegal.com\/hr\/wp-json\/wp\/v2\/pages\/508\/revisions"}],"wp:featuredmedia":[{"embeddable":true,"href":"https:\/\/www.bdvlegal.com\/hr\/wp-json\/wp\/v2\/media\/1457"}],"wp:attachment":[{"href":"https:\/\/www.bdvlegal.com\/hr\/wp-json\/wp\/v2\/media?parent=508"}],"wp:term":[{"taxonomy":"folder","embeddable":true,"href":"https:\/\/www.bdvlegal.com\/hr\/wp-json\/wp\/v2\/folder?post=508"}],"curies":[{"name":"wp","href":"https:\/\/api.w.org\/{rel}","templated":true}]}}