{"id":511,"date":"2017-05-03T19:21:07","date_gmt":"2017-05-03T17:21:07","guid":{"rendered":"http:\/\/bdvlegal.com\/?page_id=511"},"modified":"2025-12-28T15:52:27","modified_gmt":"2025-12-28T14:52:27","slug":"kontakt","status":"publish","type":"page","link":"https:\/\/www.bdvlegal.com\/hr\/kontakt\/","title":{"rendered":"Kontakt"},"content":{"rendered":"<div>\n<h3>Kontaktirajte nas<\/h3>\n<\/div>\n<ul>\n<li>\n<div><span class=\"uk-text-emphasis uk-text-bolder uk-text-large\">Batarelo Vuchetich Sadri\u0107 d.o.o.<\/span><br \/>\nUlica kralja Dr\u017eislava 8<br \/>\n10000 Zagreb<br \/>\nHrvatska<\/div>\n<\/li>\n<li>\n<p><a href=\"mailto:info@bdvlegal.com\">info@bdvlegal.com<\/a><\/p>\n<\/li>\n<li>\n<p><a href=\"tel:0038515626001\">+385 1 5626 001<\/a><\/p>\n<\/li>\n<\/ul>\n<div>Va\u0161e osobne podatke obra\u0111ujemo radi odgovora na Va\u0161 upit. <br class=\"uk-visible@m\">Za vi\u0161e informacija pogledajte na\u0161a <a href=\"\/privacy-policy\/\">Pravila Privatnosti<\/a>.<\/div>\n<div>\n<p>    <script src=\"https:\/\/www.cognitoforms.com\/f\/seamless.js\" data-key=\"XTaU-XCgJU6Ox_l2MRhoXw\" data-form=\"6\"><\/script>\n<\/div>\n<p><!--more--><br \/>\n<!-- {\"type\":\"layout\",\"children\":[{\"type\":\"section\",\"props\":{\"animation\":\"slide-left-small\",\"animation_delay\":\"100\",\"class\":\"gradient-top-light\",\"divider_color\":\"#FFFFFF\",\"divider_color_inherit_section\":false,\"divider_flip\":false,\"divider_height\":\"120\",\"divider_invert\":true,\"divider_layers_gap\":\"5\",\"divider_layers_opacity\":\"0.5\",\"divider_position\":\"bottom\",\"divider_responsive\":true,\"divider_shadow\":\"enable\",\"divider_shadow_blur_radius\":\"10\",\"divider_shadow_color\":\"rgba(0, 0, 0, 0.3)\",\"divider_shadow_offset_x\":\"0\",\"divider_shadow_offset_y\":\"5\",\"divider_shape\":\"tilt\",\"divider_width\":\"100\",\"header_transparent\":true,\"header_transparent_text_color\":\"dark\",\"height\":\"viewport\",\"height_viewport\":60,\"image\":\"wp-content\\\/uploads\\\/2025\\\/03\\\/leaf-pattern-bw-hd.jpg\",\"image_height\":1280,\"image_position\":\"center-center\",\"image_size\":\"cover\",\"image_width\":1920,\"media_overlay\":\"rgba(255, 255, 255, 0.85)\",\"padding\":\"xlarge\",\"padding_custom_bottom\":\"70\",\"padding_custom_top\":\"70\",\"padding_remove_bottom\":true,\"preserve_color\":false,\"style\":\"muted\",\"style_custom_color\":\"#ccc\",\"text_color\":\"dark\",\"title_breakpoint\":\"xl\",\"title_position\":\"top-left\",\"title_rotation\":\"left\",\"vertical_align\":\"bottom\",\"width\":\"default\"},\"children\":[{\"type\":\"row\",\"children\":[{\"type\":\"column\",\"props\":{\"image_position\":\"center-center\",\"position_sticky_breakpoint\":\"m\",\"width_medium\":\"auto\",\"width_small\":\"auto\"},\"children\":[{\"type\":\"panel\",\"props\":{\"animation\":\"none\",\"class\":\"uk-card-shadow uk-card-light uk-card-border-bottom\",\"content_column_breakpoint\":\"m\",\"icon_width\":80,\"image_align\":\"top\",\"image_grid_breakpoint\":\"m\",\"image_grid_width\":\"1-2\",\"image_svg_color\":\"emphasis\",\"link_style\":\"default\",\"link_text\":\"Read more\",\"margin\":\"remove-vertical\",\"meta_align\":\"above-title\",\"meta_element\":\"h1\",\"meta_style\":\"heading-medium\",\"panel_padding\":\"default\",\"panel_style\":\"card-default\",\"parallax_breakpoint\":\"s\",\"parallax_x\":\"-20px 0%,-20px 100%\",\"parallax_y\":\"170px 0%,225px 100%\",\"position\":\"relative\",\"position_bottom\":\"3vh\",\"position_z_index\":\"3\",\"title\":\"Kontaktirajte nas\",\"title_align\":\"top\",\"title_element\":\"h3\",\"title_font_family\":\"secondary\",\"title_grid_breakpoint\":\"m\",\"title_grid_width\":\"1-2\",\"title_hover_style\":\"reset\",\"title_margin\":\"medium\",\"title_style\":\"heading-medium\"}}]},{\"type\":\"column\",\"props\":{\"image_position\":\"center-center\",\"position_sticky_breakpoint\":\"m\",\"width_medium\":\"expand\",\"width_small\":\"expand\"}}],\"props\":{\"layout\":\"large,expand\"}}],\"name\":\"hero\"},{\"type\":\"section\",\"props\":{\"divider_color\":\"#262223\",\"divider_flip\":true,\"divider_height\":\"120\",\"divider_layers_gap\":\"5\",\"divider_layers_opacity\":\"0.5\",\"divider_position\":\"bottom\",\"divider_responsive\":true,\"divider_shadow_blur_radius\":\"5\",\"divider_shadow_color\":\"#00000080\",\"divider_shadow_offset_x\":\"0\",\"divider_shadow_offset_y\":\"5\",\"divider_shape\":\"tilt\",\"divider_width\":\"100\",\"image_position\":\"center-center\",\"padding_custom_bottom\":\"70\",\"padding_custom_top\":\"70\",\"padding_remove_bottom\":false,\"style\":\"default\",\"style_custom_color\":\"#ccc\",\"title_breakpoint\":\"xl\",\"title_position\":\"top-left\",\"title_rotation\":\"left\",\"vertical_align\":\"middle\",\"width\":\"default\"},\"children\":[{\"type\":\"row\",\"children\":[{\"type\":\"column\",\"props\":{\"image_position\":\"center-center\",\"position_sticky_breakpoint\":\"m\",\"width_medium\":\"2-5\",\"width_small\":\"1-3\"},\"children\":[{\"type\":\"list\",\"props\":{\"column_breakpoint\":\"m\",\"image_align\":\"left\",\"image_svg_color\":\"emphasis\",\"image_vertical_align\":true,\"list_element\":\"ul\",\"list_horizontal_separator\":\", \",\"list_type\":\"vertical\",\"show_image\":true,\"show_link\":true},\"children\":[{\"type\":\"list_item\",\"props\":{\"content\":\"<span class=\\\"uk-text-emphasis uk-text-bolder uk-text-large\\\">Batarelo Vuchetich Sadri\\u0107 d.o.o.<\\\/span><br \/>\\nUlica kralja Dr\\u017eislava 8<br \/>\\n10000 Zagreb<br \/>\\nHrvatska\"}},{\"type\":\"list_item\",\"props\":{\"content\":\"info@bdvlegal.com\",\"link\":\"mailto:info@bdvlegal.com\"}},{\"type\":\"list_item\",\"props\":{\"content\":\"+385 1 5626 001\",\"link\":\"tel:0038515626001\"}}]}]},{\"type\":\"column\",\"props\":{\"image_position\":\"center-center\",\"position_sticky_breakpoint\":\"m\",\"width_medium\":\"3-5\",\"width_small\":\"2-3\"},\"children\":[{\"type\":\"text\",\"props\":{\"column_breakpoint\":\"m\",\"content\":\"Va\\u0161e osobne podatke obra\\u0111ujemo radi odgovora na Va\\u0161 upit. <br class=\\\"uk-visible@m\\\">Za vi\\u0161e informacija pogledajte na\\u0161a <a href=\\\"privacy-policy\\\/\\\">Pravila Privatnosti<\\\/a>.\",\"margin\":\"default\"}},{\"type\":\"html\",\"props\":{\"content\":\"<script src=\\\"https:\\\/\\\/www.cognitoforms.com\\\/f\\\/seamless.js\\\" data-key=\\\"XTaU-XCgJU6Ox_l2MRhoXw\\\" data-form=\\\"6\\\"><\\\/script>\"}}]}],\"props\":{\"column_gap\":\"large\",\"divider\":false,\"layout\":\"2-5,3-5\",\"margin_remove_top\":true}}]}],\"version\":\"4.5.31\",\"yooessentialsVersion\":\"2.4.9\"} --><\/p>\n","protected":false},"excerpt":{"rendered":"<p>Kontaktirajte nas Batarelo Vuchetich Sadri\u0107 d.o.o. Ulica kralja Dr\u017eislava 8 10000 Zagreb Hrvatska info@bdvlegal.com +385 1 5626 001 Va\u0161e osobne podatke obra\u0111ujemo radi odgovora na Va\u0161 upit. Za vi\u0161e informacija pogledajte na\u0161a Pravila Privatnosti.<\/p>\n","protected":false},"author":6,"featured_media":0,"parent":0,"menu_order":0,"comment_status":"closed","ping_status":"closed","template":"","meta":{"_acf_changed":false,"footnotes":""},"folder":[221],"class_list":["post-511","page","type-page","status-publish","hentry"],"acf":[],"_links":{"self":[{"href":"https:\/\/www.bdvlegal.com\/hr\/wp-json\/wp\/v2\/pages\/511","targetHints":{"allow":["GET"]}}],"collection":[{"href":"https:\/\/www.bdvlegal.com\/hr\/wp-json\/wp\/v2\/pages"}],"about":[{"href":"https:\/\/www.bdvlegal.com\/hr\/wp-json\/wp\/v2\/types\/page"}],"author":[{"embeddable":true,"href":"https:\/\/www.bdvlegal.com\/hr\/wp-json\/wp\/v2\/users\/6"}],"replies":[{"embeddable":true,"href":"https:\/\/www.bdvlegal.com\/hr\/wp-json\/wp\/v2\/comments?post=511"}],"version-history":[{"count":0,"href":"https:\/\/www.bdvlegal.com\/hr\/wp-json\/wp\/v2\/pages\/511\/revisions"}],"wp:attachment":[{"href":"https:\/\/www.bdvlegal.com\/hr\/wp-json\/wp\/v2\/media?parent=511"}],"wp:term":[{"taxonomy":"folder","embeddable":true,"href":"https:\/\/www.bdvlegal.com\/hr\/wp-json\/wp\/v2\/folder?post=511"}],"curies":[{"name":"wp","href":"https:\/\/api.w.org\/{rel}","templated":true}]}}