{"id":9634,"date":"2025-05-19T19:51:02","date_gmt":"2025-05-19T17:51:02","guid":{"rendered":"https:\/\/bdvlegal.com\/cross-border\/"},"modified":"2025-07-12T19:34:11","modified_gmt":"2025-07-12T17:34:11","slug":"prekogranicno","status":"publish","type":"page","link":"https:\/\/www.bdvlegal.com\/hr\/prekogranicno\/","title":{"rendered":"Prekograni\u010dno"},"content":{"rendered":"<div>\n<h3>Prekograni\u010dno<\/h3>\n<\/div>\n<div>BDV je \u010dlan SELA &#8211; South East Legal Alliance, regionalne mre\u017ee nezavisnih odvjetni\u010dkih dru\u0161tava koja savjetuju klijente o njihovom poslovanju diljem jugoisto\u010dne Europe. \u010clanovi alijanse su me\u0111u vode\u0107im dru\u0161tvima u svojim jurisdikcijama, pru\u017eaju\u0107i cijeli niz pravnih i poslovnih usluga lokalnim i me\u0111unarodnim klijentima.<\/div>\n<div>\u010clanove SELA alijanse \u010dine:<\/div>\n<ul>\n<li>\n<div>Albanija | Hoxha, Memi &amp; Hoxha<\/div>\n<\/li>\n<li>\n<div>Bosna i Hercegovina | Dimitrijevi\u0107 &amp; Partners <\/div>\n<\/li>\n<li>\n<div>Bugarska | Dinova Rusev &amp; Partners<\/div>\n<\/li>\n<li>\n<div>Hrvatska | Batarelo Dvojkovi\u0107 Vuchetich d.o.o. <\/div>\n<\/li>\n<li>\n<div>Gr\u010dka \/ Rumunjska \/ Cipar | Drakopoulos<\/div>\n<\/li>\n<li>\n<div>Sjeverna Makedonija | Apostolska Aleksandrovski &amp; Partners<\/div>\n<\/li>\n<li>\n<div>Srbija \/ Crna Gora | Bojovi\u0107 Dra\u0161kovi\u0107 Popovi\u0107 &amp; Partners<\/div>\n<\/li>\n<li>\n<div>Slovenija | Kirm Perpar <\/div>\n<\/li>\n<\/ul>\n<div>Suradnja s odvjetni\u010dkim dru\u0161tvima s kojima dijelimo jednake vrijednosti i poslovnu kulturu te zajedni\u010dko razumijevanje ciljeva koji su postavljeni u odnosu na klijenta omogu\u0107uje nam okupiti vrhunski regionalni tim unutar samo nekoliko sati od zaprimanja klijentova zahtjeva.<\/div>\n<div>Jam\u010dimo da \u0107e na\u0161e prekograni\u010dne usluge, zajedno s povezanim odvjetni\u010dkim dru\u0161tvima u jugoisto\u010dnoj Europi, pru\u017eiti optimalan rezultat za na\u0161e klijente koji tra\u017ee me\u0111unarodne savjete.<\/div>\n<div>Predani smo cilju da na\u0161e usluge zadovolje standarde koje od nas o\u010dekujete \u2013 gdje god da se nalazili u jugoisto\u010dnoj Europi.<\/div>\n<div>\n<p>    <img decoding=\"async\" src=\"\/wp-content\/uploads\/2025\/03\/chambers-ranked-europe-sela-2024-inverse.png\" alt=\"\"><\/p>\n<div>Chambers 2025 \u2014 Vode\u0107e mre\u017ee odvjetni\u010dkih ureda<\/div>\n<div>\u201cSELA has notable coverage in Central and Eastern Europe, allowing clients to benefit from a seamless cross-border offering in the region. Member firms possess strengths in the full range of practice areas, including banking and finance, construction, competition, employment, and tax.\u201d<\/div>\n<p><a href=\"https:\/\/chambers.com\/department\/south-east-legal-alliance-leading-law-firm-networks-europe-7:2357:54:4:22990628\" rel=\"nofollow noopener\" target=\"_blank\">Saznajte vi\u0161e<\/a><\/p>\n<\/div>\n<p><img decoding=\"async\" src=\"\/wp-content\/uploads\/2025\/06\/chambers-ranked-europe-sela-2025.png\" alt=\"\"><br \/>\n<img decoding=\"async\" src=\"\/wp-content\/uploads\/2025\/01\/Slika4-1.png\" alt=\"\"><br \/>\n<img decoding=\"async\" src=\"\/wp-content\/uploads\/2025\/01\/3.png\" alt=\"\"><br \/>\n<img decoding=\"async\" src=\"\/wp-content\/uploads\/2025\/01\/3.png\" alt=\"\"><\/p>\n<ul>\n<li>\n<div>Albanija | Hoxha, Memi &#038; Hoxha<\/div>\n<\/li>\n<li>\n<div>Bosna i Hercegovina | Dimitrijevi\u0107 &#038; Partners<\/div>\n<\/li>\n<li>\n<div>Bugarska | Dinova Rusev &#038; Partners<\/div>\n<\/li>\n<li>\n<div>Hrvatska | Batarelo Dvojkovi\u0107 Vuchetich d.o.o.<\/div>\n<\/li>\n<li>\n<div>Cipar | Drakopoulos<\/div>\n<\/li>\n<li>\n<div>Gr\u010dka | Drakopoulos<\/div>\n<\/li>\n<li>\n<div>Crna Gora | Bojovi\u0107 Dra\u0161kovi\u0107 Popovi\u0107 &#038; Partners<\/div>\n<\/li>\n<li>\n<div>Sjeverna Makedonija | Apostolska Aleksandrovski &#038; Partners<\/div>\n<\/li>\n<li>\n<div>Rumunjska | Drakopoulos<\/div>\n<\/li>\n<li>\n<div>Srbija | Bojovi\u0107 Dra\u0161kovi\u0107 Popovi\u0107 &#038; Partners<\/div>\n<\/li>\n<li>\n<div>Slovenija | Kirm Perpar<\/div>\n<\/li>\n<\/ul>\n<p><!--more--><br \/>\n<!-- {\"type\":\"layout\",\"children\":[{\"type\":\"section\",\"props\":{\"animation\":\"slide-left-small\",\"animation_delay\":\"100\",\"class\":\"gradient-top-dark\",\"divider_color\":\"#FFFFFF\",\"divider_color_inherit_section\":false,\"divider_flip\":false,\"divider_height\":\"120\",\"divider_invert\":true,\"divider_layers_gap\":\"5\",\"divider_layers_opacity\":\"0.5\",\"divider_position\":\"bottom\",\"divider_responsive\":true,\"divider_shadow\":\"enable\",\"divider_shadow_blur_radius\":\"10\",\"divider_shadow_color\":\"rgba(0, 0, 0, 0.3)\",\"divider_shadow_offset_x\":\"0\",\"divider_shadow_offset_y\":\"5\",\"divider_shape\":\"tilt\",\"divider_width\":\"100\",\"header_transparent\":true,\"header_transparent_text_color\":\"light\",\"height\":\"viewport\",\"height_viewport\":60,\"image\":\"wp-content\\\/uploads\\\/2025\\\/06\\\/river-canyon.jpg\",\"image_height\":1280,\"image_position\":\"center-center\",\"image_size\":\"cover\",\"image_width\":1920,\"padding\":\"xlarge\",\"padding_custom_bottom\":\"70\",\"padding_custom_top\":\"70\",\"padding_remove_bottom\":true,\"preserve_color\":true,\"style\":\"secondary\",\"style_custom_color\":\"#ccc\",\"text_color\":\"dark\",\"title_breakpoint\":\"xl\",\"title_position\":\"top-left\",\"title_rotation\":\"left\",\"vertical_align\":\"bottom\",\"width\":\"default\"},\"children\":[{\"type\":\"row\",\"children\":[{\"type\":\"column\",\"props\":{\"image_position\":\"center-center\",\"position_sticky_breakpoint\":\"m\",\"width_medium\":\"auto\",\"width_small\":\"auto\"},\"children\":[{\"type\":\"panel\",\"props\":{\"animation\":\"none\",\"class\":\"uk-card-shadow uk-card-light uk-card-border-bottom\",\"content_column_breakpoint\":\"m\",\"css\":\".el-element {\\n    max-width: 750px;\\n}\",\"icon_width\":80,\"image_align\":\"top\",\"image_grid_breakpoint\":\"m\",\"image_grid_width\":\"1-2\",\"image_svg_color\":\"emphasis\",\"link_style\":\"default\",\"link_text\":\"Read more\",\"margin\":\"remove-vertical\",\"meta_align\":\"above-title\",\"meta_element\":\"h1\",\"meta_style\":\"heading-medium\",\"panel_padding\":\"default\",\"panel_style\":\"card-default\",\"parallax_breakpoint\":\"s\",\"parallax_x\":\"-20px 0%,-20px 100%\",\"parallax_y\":\"170px 0%,225px 100%\",\"position\":\"relative\",\"position_bottom\":\"3vh\",\"position_z_index\":\"3\",\"title\":\"Prekograni\\u010dno\",\"title_align\":\"top\",\"title_element\":\"h3\",\"title_font_family\":\"secondary\",\"title_grid_breakpoint\":\"m\",\"title_grid_width\":\"1-2\",\"title_hover_style\":\"reset\",\"title_margin\":\"medium\",\"title_style\":\"heading-medium\"}}]},{\"type\":\"column\",\"props\":{\"image_position\":\"center-center\",\"position_sticky_breakpoint\":\"m\",\"width_medium\":\"expand\",\"width_small\":\"expand\"}}],\"props\":{\"layout\":\"large,expand\"}}],\"name\":\"hero\"},{\"type\":\"section\",\"props\":{\"divider_color\":\"#F7F7F7\",\"divider_color_inherit_section\":false,\"divider_flip\":true,\"divider_height\":\"120\",\"divider_layers_color\":\"#EFC31A\",\"divider_layers_gap\":\"5\",\"divider_layers_opacity\":\"1\",\"divider_position\":\"bottom\",\"divider_responsive\":true,\"divider_shadow_blur_radius\":\"10\",\"divider_shadow_color\":\"rgba(0, 0, 0, 0.5)\",\"divider_shadow_expand_container\":false,\"divider_shadow_offset_x\":\"0\",\"divider_shadow_offset_y\":\"5\",\"divider_shape\":\"tilt\",\"divider_width\":\"100\",\"divider_z_index\":\"1\",\"image_position\":\"center-center\",\"padding_custom_bottom\":\"70\",\"padding_custom_top\":\"70\",\"padding_remove_top\":false,\"style\":\"default\",\"style_custom_color\":\"#ccc\",\"title_breakpoint\":\"xl\",\"title_position\":\"top-left\",\"title_rotation\":\"left\",\"vertical_align\":\"middle\",\"width\":\"default\"},\"children\":[{\"type\":\"row\",\"children\":[{\"type\":\"column\",\"props\":{\"image_position\":\"center-center\",\"position_sticky_breakpoint\":\"m\"},\"children\":[{\"type\":\"headline\",\"props\":{\"content\":\"BDV je \\u010dlan SELA - South East Legal Alliance, regionalne mre\\u017ee nezavisnih odvjetni\\u010dkih dru\\u0161tava koja savjetuju klijente o njihovom poslovanju diljem jugoisto\\u010dne Europe. \\u010clanovi alijanse su me\\u0111u vode\\u0107im dru\\u0161tvima u svojim jurisdikcijama, pru\\u017eaju\\u0107i cijeli niz pravnih i poslovnih usluga lokalnim i me\\u0111unarodnim klijentima.\",\"css\":\".el-element {\\n\\n\\n}\",\"margin\":\"default\",\"maxwidth\":\"2xlarge\",\"title_element\":\"div\",\"title_font_family\":\"primary\",\"title_style\":\"h3\"}}]}]},{\"type\":\"row\",\"children\":[{\"type\":\"column\",\"props\":{\"image_position\":\"center-center\",\"position_blend\":false,\"position_sticky_breakpoint\":\"m\",\"width_medium\":\"2-5\",\"width_small\":\"1-2\"},\"children\":[{\"type\":\"text\",\"props\":{\"column_breakpoint\":\"m\",\"content\":\"\\u010clanove SELA alijanse \\u010dine:\",\"margin\":\"default\"}},{\"type\":\"list\",\"props\":{\"column_breakpoint\":\"m\",\"icon\":\"bootstrap--check2-square\",\"icon_color\":\"primary\",\"image_align\":\"left\",\"image_svg_color\":\"emphasis\",\"image_vertical_align\":false,\"list_element\":\"ul\",\"list_horizontal_separator\":\", \",\"list_type\":\"vertical\",\"show_image\":true,\"show_link\":true},\"children\":[{\"type\":\"list_item\",\"props\":{\"content\":\"Albanija | Hoxha, Memi &amp; Hoxha\"}},{\"type\":\"list_item\",\"props\":{\"content\":\"Bosna i Hercegovina | Dimitrijevi\\u0107 &amp; Partners \"}},{\"type\":\"list_item\",\"props\":{\"content\":\"Bugarska | Dinova Rusev &amp; Partners\"}},{\"type\":\"list_item\",\"props\":{\"content\":\"Hrvatska | Batarelo Dvojkovi\\u0107 Vuchetich d.o.o. \"}},{\"type\":\"list_item\",\"props\":{\"content\":\"Gr\\u010dka \\\/ Rumunjska \\\/ Cipar | Drakopoulos\"}},{\"type\":\"list_item\",\"props\":{\"content\":\"Sjeverna Makedonija | Apostolska Aleksandrovski &amp; Partners\"}},{\"type\":\"list_item\",\"props\":{\"content\":\"Srbija \\\/ Crna Gora | Bojovi\\u0107 Dra\\u0161kovi\\u0107 Popovi\\u0107 &amp; Partners\"}},{\"type\":\"list_item\",\"props\":{\"content\":\"Slovenija | Kirm Perpar \"}}]}]},{\"type\":\"column\",\"props\":{\"image_position\":\"center-center\",\"position_sticky_breakpoint\":\"m\",\"width_medium\":\"3-5\",\"width_small\":\"1-2\"},\"children\":[{\"type\":\"text\",\"props\":{\"column_breakpoint\":\"m\",\"content\":\"Suradnja s odvjetni\\u010dkim dru\\u0161tvima s kojima dijelimo jednake vrijednosti i poslovnu kulturu te zajedni\\u010dko razumijevanje ciljeva koji su postavljeni u odnosu na klijenta omogu\\u0107uje nam okupiti vrhunski regionalni tim unutar samo nekoliko sati od zaprimanja klijentova zahtjeva.\",\"margin\":\"default\",\"maxwidth\":\"large\"}},{\"type\":\"text\",\"props\":{\"column_breakpoint\":\"m\",\"content\":\"Jam\\u010dimo da \\u0107e na\\u0161e prekograni\\u010dne usluge, zajedno s povezanim odvjetni\\u010dkim dru\\u0161tvima u jugoisto\\u010dnoj Europi, pru\\u017eiti optimalan rezultat za na\\u0161e klijente koji tra\\u017ee me\\u0111unarodne savjete.\",\"margin\":\"default\",\"maxwidth\":\"large\"}},{\"type\":\"text\",\"props\":{\"column_breakpoint\":\"m\",\"content\":\"Predani smo cilju da na\\u0161e usluge zadovolje standarde koje od nas o\\u010dekujete \\u2013 gdje god da se nalazili u jugoisto\\u010dnoj Europi.\",\"margin\":\"default\",\"maxwidth\":\"large\"}}]}],\"props\":{\"divider\":true,\"layout\":\"2-5,3-5\"}}]},{\"type\":\"section\",\"props\":{\"divider_2_color\":\"#F7F7F7\",\"divider_2_flip\":true,\"divider_2_height\":\"120\",\"divider_2_invert\":true,\"divider_2_layers_gap\":\"5\",\"divider_2_layers_opacity\":\"0.5\",\"divider_2_responsive\":true,\"divider_2_shadow_blur_radius\":\"5\",\"divider_2_shadow_color\":\"#00000080\",\"divider_2_shadow_offset_x\":\"0\",\"divider_2_shadow_offset_y\":\"5\",\"divider_2_width\":\"100\",\"divider_color\":\"#FFFFFF\",\"divider_color_inherit_section\":false,\"divider_flip\":true,\"divider_height\":\"120\",\"divider_layers_gap\":\"5\",\"divider_layers_opacity\":\"0.5\",\"divider_position\":\"top\",\"divider_responsive\":true,\"divider_shadow_blur_radius\":\"5\",\"divider_shadow_color\":\"#00000080\",\"divider_shadow_offset_x\":\"0\",\"divider_shadow_offset_y\":\"5\",\"divider_width\":\"100\",\"image_position\":\"center-center\",\"padding_custom_bottom\":\"70\",\"padding_custom_top\":\"70\",\"style\":\"muted\",\"style_custom_color\":\"#ccc\",\"title_breakpoint\":\"xl\",\"title_position\":\"top-left\",\"title_rotation\":\"left\",\"vertical_align\":\"middle\",\"width\":\"default\"},\"children\":[{\"type\":\"row\",\"children\":[{\"type\":\"column\",\"props\":{\"image_position\":\"center-center\",\"position_blend\":false,\"position_sticky_breakpoint\":\"m\"},\"children\":[{\"type\":\"fragment\",\"props\":{\"margin\":\"default\"},\"children\":[{\"type\":\"row\",\"props\":{\"layout\":\"large,expand\"},\"children\":[{\"type\":\"column\",\"props\":{\"image_position\":\"center-center\",\"position_sticky_breakpoint\":\"m\",\"vertical_align\":\"middle\",\"width_medium\":\"auto\",\"width_small\":\"1-2\"},\"children\":[{\"type\":\"grid\",\"props\":{\"class\":\"uk-text-emphasis  uk-text-italic\",\"content_column_breakpoint\":\"m\",\"content_dropcap\":false,\"content_margin\":\"small\",\"css\":\".el-content {\\n    font-weight: 100;\\n}\",\"filter_align\":\"left\",\"filter_all\":true,\"filter_grid_breakpoint\":\"m\",\"filter_grid_width\":\"auto\",\"filter_position\":\"top\",\"filter_style\":\"tab\",\"grid_column_align\":true,\"grid_default\":\"1\",\"grid_divider\":false,\"grid_medium\":\"\",\"icon_color\":\"primary\",\"icon_width\":\"30\",\"image_align\":\"left\",\"image_grid_breakpoint\":\"\",\"image_grid_width\":\"auto\",\"image_link\":true,\"image_svg_color\":\"primary\",\"image_svg_inline\":false,\"image_transition\":\"scale-up\",\"image_vertical_align\":false,\"image_width\":110,\"item_animation\":true,\"lightbox_bg_close\":true,\"link_fullwidth\":false,\"link_style\":\"\",\"link_target\":true,\"link_text\":\"\",\"margin\":\"default\",\"maxwidth\":\"xlarge\",\"meta_align\":\"below-title\",\"meta_element\":\"div\",\"meta_margin\":\"small\",\"meta_style\":\"text-meta\",\"panel_image_no_padding\":true,\"panel_link\":true,\"parallax_easing\":\"1\",\"show_content\":true,\"show_hover_image\":false,\"show_hover_video\":false,\"show_image\":false,\"show_link\":true,\"show_meta\":true,\"show_title\":true,\"show_video\":false,\"title_align\":\"top\",\"title_decoration\":\"bullet\",\"title_element\":\"div\",\"title_grid_breakpoint\":\"m\",\"title_grid_width\":\"auto\",\"title_hover_style\":\"heading\",\"title_link\":true,\"title_margin\":\"small\",\"title_style\":\"h5\"},\"children\":[{\"type\":\"grid_item\",\"props\":{\"content\":\"\\u201cSELA has notable coverage in Central and Eastern Europe, allowing clients to benefit from a seamless cross-border offering in the region. Member firms possess strengths in the full range of practice areas, including banking and finance, construction, competition, employment, and tax.\\u201d\",\"icon\":\"bootstrap--chat-right-quote\",\"image\":\"wp-content\\\/uploads\\\/2025\\\/03\\\/chambers-ranked-europe-sela-2024-inverse.png\",\"link\":\"https:\\\/\\\/chambers.com\\\/department\\\/south-east-legal-alliance-leading-law-firm-networks-europe-7:2357:54:4:22990628\",\"link_text\":\"Saznajte vi\\u0161e\",\"meta\":\"\",\"title\":\"Chambers 2025 \\u2014 Vode\\u0107e mre\\u017ee odvjetni\\u010dkih ureda\"}}],\"name\":\"Chambers quote\"}]},{\"type\":\"column\",\"props\":{\"image_position\":\"center-center\",\"position_sticky_breakpoint\":\"m\",\"vertical_align\":\"middle\",\"width_medium\":\"expand\",\"width_small\":\"1-2\"},\"children\":[{\"type\":\"image\",\"props\":{\"block_align\":\"center\",\"block_align_breakpoint\":\"m\",\"block_align_fallback\":\"center\",\"image\":\"wp-content\\\/uploads\\\/2025\\\/06\\\/chambers-ranked-europe-sela-2025.png\",\"image_height\":90,\"image_svg_color\":\"emphasis\",\"margin\":\"default\",\"maxwidth\":\"small\",\"text_align\":\"center\",\"text_align_fallback\":\"center\"}},{\"type\":\"image\",\"props\":{\"block_align\":\"center\",\"block_align_breakpoint\":\"m\",\"block_align_fallback\":\"center\",\"image\":\"wp-content\\\/uploads\\\/2025\\\/01\\\/Slika4-1.png\",\"image_svg_color\":\"emphasis\",\"image_width\":150,\"margin\":\"default\",\"maxwidth\":\"small\",\"text_align\":\"center\",\"text_align_fallback\":\"center\"}}]}]}]}]}],\"props\":{\"column_gap\":\"medium\"}}]},{\"type\":\"section\",\"props\":{\"divider_height\":\"120\",\"divider_layers_gap\":\"5\",\"divider_layers_opacity\":\"0.5\",\"divider_position\":\"top\",\"divider_responsive\":true,\"divider_shadow_blur_radius\":\"5\",\"divider_shadow_color\":\"#00000080\",\"divider_shadow_offset_x\":\"0\",\"divider_shadow_offset_y\":\"5\",\"divider_width\":\"100\",\"image_position\":\"center-center\",\"padding\":\"none\",\"padding_custom_bottom\":\"70\",\"padding_custom_top\":\"70\",\"style\":\"default\",\"style_custom_color\":\"#ccc\",\"title_breakpoint\":\"xl\",\"title_position\":\"top-left\",\"title_rotation\":\"left\",\"vertical_align\":\"middle\",\"width\":\"default\"},\"children\":[{\"type\":\"row\",\"children\":[{\"type\":\"column\",\"props\":{\"image_position\":\"center-center\",\"position_sticky_breakpoint\":\"m\"},\"children\":[{\"type\":\"image\",\"props\":{\"image\":\"wp-content\\\/uploads\\\/2025\\\/01\\\/3.png\",\"image_svg_color\":\"emphasis\",\"margin\":\"remove-vertical\",\"visibility\":\"hidden-m\"}},{\"type\":\"popover\",\"props\":{\"background_image\":\"wp-content\\\/uploads\\\/2025\\\/01\\\/3.png\",\"card_size\":\"small\",\"card_style\":\"secondary\",\"drop_mode\":\"hover\",\"drop_position\":\"bottom-center\",\"image_card_padding\":true,\"image_svg_color\":\"emphasis\",\"link_style\":\"default\",\"link_text\":\"Read more\",\"margin\":\"remove-vertical\",\"meta_align\":\"below-title\",\"meta_element\":\"div\",\"meta_style\":\"text-meta\",\"show_content\":true,\"show_image\":true,\"show_link\":true,\"show_meta\":true,\"show_title\":true,\"text_align\":\"center\",\"title_element\":\"div\",\"title_font_family\":\"secondary\",\"title_hover_style\":\"reset\",\"title_style\":\"h5\",\"visibility\":\"m\"},\"children\":[{\"type\":\"popover_item\",\"props\":{\"position_x\":\"45.5\",\"position_y\":\"50\",\"title\":\"Albanija | Hoxha, Memi & Hoxha\"}},{\"type\":\"popover_item\",\"props\":{\"position_x\":\"37.1\",\"position_y\":\"33\",\"title\":\"Bosna i Hercegovina | Dimitrijevi\\u0107 & Partners\"}},{\"type\":\"popover_item\",\"props\":{\"position_x\":\"56.5\",\"position_y\":\"41\",\"title\":\"Bugarska | Dinova Rusev & Partners\"}},{\"type\":\"popover_item\",\"props\":{\"position_x\":\"32.15\",\"position_y\":\"23\",\"title\":\"Hrvatska | Batarelo Dvojkovi\\u0107 Vuchetich d.o.o.\"}},{\"type\":\"popover_item\",\"props\":{\"position_x\":\"93.25\",\"position_y\":\"80\",\"title\":\"Cipar | Drakopoulos\"}},{\"type\":\"popover_item\",\"props\":{\"position_x\":\"57.2\",\"position_y\":\"69\",\"title\":\"Gr\\u010dka | Drakopoulos\"}},{\"type\":\"popover_item\",\"props\":{\"position_x\":\"41.75\",\"position_y\":\"43\",\"title\":\"Crna Gora | Bojovi\\u0107 Dra\\u0161kovi\\u0107 Popovi\\u0107 & Partners\"}},{\"type\":\"popover_item\",\"props\":{\"position_x\":\"50.25\",\"position_y\":\"47.5\",\"title\":\"Sjeverna Makedonija | Apostolska Aleksandrovski & Partners\"}},{\"type\":\"popover_item\",\"props\":{\"position_x\":\"60.35\",\"position_y\":\"26\",\"title\":\"Rumunjska | Drakopoulos\"}},{\"type\":\"popover_item\",\"props\":{\"position_x\":\"45.5\",\"position_y\":\"29.5\",\"title\":\"Srbija | Bojovi\\u0107 Dra\\u0161kovi\\u0107 Popovi\\u0107 & Partners\"}},{\"type\":\"popover_item\",\"props\":{\"position_x\":\"27.25\",\"position_y\":\"20\",\"title\":\"Slovenija | Kirm Perpar\"}}]}]}]}]}],\"version\":\"4.5.21\",\"yooessentialsVersion\":\"2.3.12\"} --><\/p>\n","protected":false},"excerpt":{"rendered":"<p>Prekograni\u010dno BDV je \u010dlan SELA &#8211; South East Legal Alliance, regionalne mre\u017ee nezavisnih odvjetni\u010dkih dru\u0161tava koja savjetuju klijente o njihovom poslovanju diljem jugoisto\u010dne Europe. \u010clanovi alijanse su me\u0111u vode\u0107im dru\u0161tvima u svojim jurisdikcijama, pru\u017eaju\u0107i cijeli niz pravnih i poslovnih usluga lokalnim i me\u0111unarodnim klijentima. \u010clanove SELA alijanse \u010dine: Albanija | Hoxha, Memi &amp; Hoxha Bosna i Hercegovina | Dimitrijevi\u0107 &amp; Partners Bugarska | Dinova Rusev &amp; Partners Hrvatska | Batarelo Dvojkovi\u0107 Vuchetich d.o.o. Gr\u010dka \/ Rumunjska \/ Cipar | Drakopoulos Sjeverna Makedonija | Apostolska Aleksandrovski &amp; Partners Srbija \/ Crna Gora | Bojovi\u0107 Dra\u0161kovi\u0107 Popovi\u0107 &amp; Partners Slovenija | Kirm [&hellip;]<\/p>\n","protected":false},"author":5,"featured_media":0,"parent":0,"menu_order":0,"comment_status":"closed","ping_status":"closed","template":"","meta":{"_acf_changed":false,"footnotes":""},"folder":[],"class_list":["post-9634","page","type-page","status-publish","hentry"],"acf":[],"_links":{"self":[{"href":"https:\/\/www.bdvlegal.com\/hr\/wp-json\/wp\/v2\/pages\/9634","targetHints":{"allow":["GET"]}}],"collection":[{"href":"https:\/\/www.bdvlegal.com\/hr\/wp-json\/wp\/v2\/pages"}],"about":[{"href":"https:\/\/www.bdvlegal.com\/hr\/wp-json\/wp\/v2\/types\/page"}],"author":[{"embeddable":true,"href":"https:\/\/www.bdvlegal.com\/hr\/wp-json\/wp\/v2\/users\/5"}],"replies":[{"embeddable":true,"href":"https:\/\/www.bdvlegal.com\/hr\/wp-json\/wp\/v2\/comments?post=9634"}],"version-history":[{"count":0,"href":"https:\/\/www.bdvlegal.com\/hr\/wp-json\/wp\/v2\/pages\/9634\/revisions"}],"wp:attachment":[{"href":"https:\/\/www.bdvlegal.com\/hr\/wp-json\/wp\/v2\/media?parent=9634"}],"wp:term":[{"taxonomy":"folder","embeddable":true,"href":"https:\/\/www.bdvlegal.com\/hr\/wp-json\/wp\/v2\/folder?post=9634"}],"curies":[{"name":"wp","href":"https:\/\/api.w.org\/{rel}","templated":true}]}}