{"id":9635,"date":"2025-02-23T21:59:40","date_gmt":"2025-02-23T20:59:40","guid":{"rendered":"https:\/\/bdvlegal.com\/summer-program\/"},"modified":"2025-10-07T20:51:34","modified_gmt":"2025-10-07T18:51:34","slug":"ljetni-program","status":"publish","type":"page","link":"https:\/\/www.bdvlegal.com\/hr\/ljetni-program\/","title":{"rendered":"BDV ljetni program"},"content":{"rendered":"<div>\n<h3>BDV ljetni program<\/h3>\n<\/div>\n<div>BDV-ov ljetni program studentske prakse predstavlja priliku da izvrsni studenti prava na svojoj posljednjoj i pretposljednjoj godini studija iskuse svakodnevni rad na\u0161eg Dru\u0161tva. BDV-ov ljetni program po\u010dinje u srpnju.<\/div>\n<div>Mentorstvo je omogu\u0107eno i dostupno na svim razinama u Dru\u0161tvu, pa tako i studentima prava kojima je mentorstvo osobito va\u017eno.<\/div>\n<div>Svakom \u0107e ljetnom praktikantu kao mentori biti dodijeljeni jedan partner i jedan suradnik, koji \u0107e ga voditi tijekom cijelog trajanja programa. Dodjela se mentora mo\u017ee temeljiti na sli\u010dnim iskustvima ili interesima koje su praktikant i mentor utvrdili tijekom procesa intervjuiranja. Mentori partneri \u010desto neposredno rade s praktikantima.<\/div>\n<div>Proces je ocjenjivanja ljetnih praktikanata jednak onomu kojim se koristimo pri ocjenjivanju rada svih suradnika Dru\u0161tva, te dajemo brzu i konkretnu povratnu informaciju i ocjenu rada. Odvjetnici koji nadziru rad pojedinog praktikanta, tijekom i nakon izvr\u0161enja zadatka, dat \u0107e bez odga\u0111anja usmenu procjenu rada na zadatku. Zatim \u0107e o obavljenom radu odvjetnici ispuniti pisani upitnik, a jedan \u0107e se od partnera Dru\u0161tva sastati sa svakim ljetnim praktikantom radi revidiranja cijeloga ljetnog procesa u\u010denja i stjecanja prakti\u010dnog iskustva u Dru\u0161tvu.<\/div>\n<div>Ljetni suradnici rade s partnerima i suradnicima na slo\u017eenim projektima za klijente Dru\u0161tva. Zadatci takve vrste omogu\u0107uju razvijanje i usavr\u0161avanje vje\u0161tine analize, sastava podnesaka te pravih mi\u0161ljenja. Ljetni praktikanti iz prve ruke u\u010de o te\u0161kim slu\u010dajevima, sastavljanju prijedloga i sporazuma, u\u010dinkovitu pregovaranju te sklapanju nagodbi.<\/div>\n<div>Tipi\u010dni zadatci za ljetne praktikante uklju\u010duju pisanje podnesaka, prijedloga, ugovora te memoranduma za klijente, sudjelovanje u izradama ugovora, pregovorima te asistiranje pri izradi dubinske analize u transakcijama.<\/div>\n<div>\n<div>Ako ste zainteresirani za prijavu na radno mjesto odvjetni\u010dkog vje\u017ebenika ili za BDV-ov ljetni program studentske prakse, po\u0161aljite svoj \u017eivotopis na e-adresu <a href=\"mailto:info@bdvlegal.com\">info@bdvlegal.com<\/a>.<\/div>\n<\/div>\n<p><!--more--><br \/>\n<!-- {\"type\":\"layout\",\"children\":[{\"type\":\"section\",\"props\":{\"animation\":\"slide-left-small\",\"animation_delay\":\"100\",\"class\":\"gradient-top-dark\",\"divider_color\":\"#FFFFFF\",\"divider_color_inherit_section\":false,\"divider_flip\":false,\"divider_height\":\"120\",\"divider_invert\":true,\"divider_layers_gap\":\"5\",\"divider_layers_opacity\":\"0.5\",\"divider_position\":\"bottom\",\"divider_responsive\":true,\"divider_shadow\":\"enable\",\"divider_shadow_blur_radius\":\"10\",\"divider_shadow_color\":\"rgba(0, 0, 0, 0.3)\",\"divider_shadow_offset_x\":\"0\",\"divider_shadow_offset_y\":\"5\",\"divider_shape\":\"tilt\",\"divider_width\":\"100\",\"header_transparent\":true,\"header_transparent_text_color\":\"light\",\"height\":\"viewport\",\"height_viewport\":60,\"image\":\"wp-content\\\/uploads\\\/2025\\\/05\\\/dolphin.jpg\",\"image_height\":1280,\"image_position\":\"center-right\",\"image_size\":\"cover\",\"image_width\":1920,\"media_focal_point\":\"center-right\",\"padding\":\"xlarge\",\"padding_custom_bottom\":\"70\",\"padding_custom_top\":\"70\",\"padding_remove_bottom\":true,\"preserve_color\":true,\"style\":\"secondary\",\"style_custom_color\":\"#ccc\",\"text_color\":\"dark\",\"title_breakpoint\":\"xl\",\"title_position\":\"top-left\",\"title_rotation\":\"left\",\"vertical_align\":\"bottom\",\"width\":\"default\"},\"children\":[{\"type\":\"row\",\"children\":[{\"type\":\"column\",\"props\":{\"image_position\":\"center-center\",\"position_sticky_breakpoint\":\"m\",\"width_medium\":\"auto\",\"width_small\":\"auto\"},\"children\":[{\"type\":\"panel\",\"props\":{\"animation\":\"none\",\"class\":\"uk-card-shadow uk-card-light uk-card-border-bottom\",\"content_column_breakpoint\":\"m\",\"css\":\".el-element {\\n    max-width: 750px;\\n}\",\"icon_width\":80,\"image_align\":\"top\",\"image_grid_breakpoint\":\"m\",\"image_grid_width\":\"1-2\",\"image_svg_color\":\"emphasis\",\"link_style\":\"default\",\"link_text\":\"Read more\",\"margin\":\"remove-vertical\",\"meta_align\":\"above-title\",\"meta_element\":\"h1\",\"meta_style\":\"heading-medium\",\"panel_padding\":\"default\",\"panel_style\":\"card-default\",\"parallax_breakpoint\":\"s\",\"parallax_x\":\"-20px 0%,-20px 100%\",\"parallax_y\":\"170px 0%,225px 100%\",\"position\":\"relative\",\"position_bottom\":\"3vh\",\"position_z_index\":\"3\",\"title\":\"BDV ljetni program\",\"title_align\":\"top\",\"title_element\":\"h3\",\"title_font_family\":\"secondary\",\"title_grid_breakpoint\":\"m\",\"title_grid_width\":\"1-2\",\"title_hover_style\":\"reset\",\"title_margin\":\"medium\",\"title_style\":\"heading-medium\"}}]},{\"type\":\"column\",\"props\":{\"image_position\":\"center-center\",\"position_sticky_breakpoint\":\"m\",\"width_medium\":\"expand\",\"width_small\":\"expand\"}}],\"props\":{\"layout\":\"large,expand\"}}],\"name\":\"hero\"},{\"type\":\"section\",\"props\":{\"divider_color_inherit_section\":true,\"divider_flip\":false,\"divider_height\":\"120\",\"divider_layers_color\":\"#EFC31A\",\"divider_layers_gap\":\"5\",\"divider_layers_opacity\":\"1\",\"divider_position\":\"top\",\"divider_responsive\":true,\"divider_shadow_blur_radius\":\"10\",\"divider_shadow_color\":\"rgba(0, 0, 0, 0.5)\",\"divider_shadow_expand_container\":false,\"divider_shadow_offset_x\":\"0\",\"divider_shadow_offset_y\":\"5\",\"divider_width\":\"100\",\"divider_z_index\":\"1\",\"image_position\":\"center-center\",\"padding_custom_bottom\":\"70\",\"padding_custom_top\":\"70\",\"padding_remove_top\":false,\"style\":\"default\",\"style_custom_color\":\"#ccc\",\"title_breakpoint\":\"xl\",\"title_position\":\"top-left\",\"title_rotation\":\"left\",\"vertical_align\":\"middle\",\"width\":\"default\"},\"children\":[{\"type\":\"row\",\"children\":[{\"type\":\"column\",\"props\":{\"image_position\":\"center-center\",\"position_blend\":false,\"position_sticky_breakpoint\":\"m\",\"width_medium\":\"3-5\"},\"children\":[{\"type\":\"headline\",\"props\":{\"content\":\"BDV-ov ljetni program studentske prakse predstavlja priliku da izvrsni studenti prava na svojoj posljednjoj i pretposljednjoj godini studija iskuse svakodnevni rad na\\u0161eg Dru\\u0161tva. BDV-ov ljetni program po\\u010dinje u srpnju.\",\"margin\":\"default\",\"maxwidth\":\"xlarge\",\"title_element\":\"div\",\"title_font_family\":\"primary\",\"title_style\":\"h3\"},\"name\":\"content\"},{\"type\":\"text\",\"props\":{\"column_breakpoint\":\"m\",\"content\":\"Mentorstvo je omogu\\u0107eno i dostupno na svim razinama u Dru\\u0161tvu, pa tako i studentima prava kojima je mentorstvo osobito va\\u017eno.\",\"margin\":\"default\"}},{\"type\":\"text\",\"props\":{\"column_breakpoint\":\"m\",\"content\":\"Svakom \\u0107e ljetnom praktikantu kao mentori biti dodijeljeni jedan partner i jedan suradnik, koji \\u0107e ga voditi tijekom cijelog trajanja programa. Dodjela se mentora mo\\u017ee temeljiti na sli\\u010dnim iskustvima ili interesima koje su praktikant i mentor utvrdili tijekom procesa intervjuiranja. Mentori partneri \\u010desto neposredno rade s praktikantima.\",\"margin\":\"default\"}},{\"type\":\"text\",\"props\":{\"column_breakpoint\":\"m\",\"content\":\"Proces je ocjenjivanja ljetnih praktikanata jednak onomu kojim se koristimo pri ocjenjivanju rada svih suradnika Dru\\u0161tva, te dajemo brzu i konkretnu povratnu informaciju i ocjenu rada. Odvjetnici koji nadziru rad pojedinog praktikanta, tijekom i nakon izvr\\u0161enja zadatka, dat \\u0107e bez odga\\u0111anja usmenu procjenu rada na zadatku. Zatim \\u0107e o obavljenom radu odvjetnici ispuniti pisani upitnik, a jedan \\u0107e se od partnera Dru\\u0161tva sastati sa svakim ljetnim praktikantom radi revidiranja cijeloga ljetnog procesa u\\u010denja i stjecanja prakti\\u010dnog iskustva u Dru\\u0161tvu.\",\"margin\":\"default\"}},{\"type\":\"text\",\"props\":{\"column_breakpoint\":\"m\",\"content\":\"Ljetni suradnici rade s partnerima i suradnicima na slo\\u017eenim projektima za klijente Dru\\u0161tva. Zadatci takve vrste omogu\\u0107uju razvijanje i usavr\\u0161avanje vje\\u0161tine analize, sastava podnesaka te pravih mi\\u0161ljenja. Ljetni praktikanti iz prve ruke u\\u010de o te\\u0161kim slu\\u010dajevima, sastavljanju prijedloga i sporazuma, u\\u010dinkovitu pregovaranju te sklapanju nagodbi.\",\"margin\":\"default\"}},{\"type\":\"text\",\"props\":{\"column_breakpoint\":\"m\",\"content\":\"Tipi\\u010dni zadatci za ljetne praktikante uklju\\u010duju pisanje podnesaka, prijedloga, ugovora te memoranduma za klijente, sudjelovanje u izradama ugovora, pregovorima te asistiranje pri izradi dubinske analize u transakcijama.\",\"margin\":\"default\"}}]},{\"type\":\"column\",\"props\":{\"image_position\":\"center-center\",\"padding\":\"none\",\"position_sticky_breakpoint\":\"m\",\"width_medium\":\"2-5\"},\"children\":[{\"type\":\"panel\",\"props\":{\"content\":\"Ako ste zainteresirani za prijavu na radno mjesto odvjetni\\u010dkog vje\\u017ebenika ili za BDV-ov ljetni program studentske prakse, po\\u0161aljite svoj \\u017eivotopis na e-adresu <a href=\\\"mailto:info@bdvlegal.com\\\">info@bdvlegal.com<\\\/a>.\",\"content_column_breakpoint\":\"m\",\"content_style\":\"text-lead\",\"icon_width\":80,\"image_align\":\"top\",\"image_grid_breakpoint\":\"m\",\"image_grid_width\":\"1-2\",\"image_svg_color\":\"emphasis\",\"link_style\":\"default\",\"link_text\":\"Read more\",\"margin\":\"default\",\"meta_align\":\"below-title\",\"meta_element\":\"div\",\"meta_style\":\"text-meta\",\"panel_padding\":\"default\",\"panel_style\":\"card-secondary\",\"title_align\":\"top\",\"title_element\":\"h3\",\"title_grid_breakpoint\":\"m\",\"title_grid_width\":\"1-2\",\"title_hover_style\":\"reset\"}}]}],\"props\":{\"column_gap\":\"medium\",\"layout\":\"3-5,2-5\"}}]}],\"version\":\"4.5.21\",\"yooessentialsVersion\":\"2.3.12\"} --><\/p>\n","protected":false},"excerpt":{"rendered":"<p>BDV ljetni program BDV-ov ljetni program studentske prakse predstavlja priliku da izvrsni studenti prava na svojoj posljednjoj i pretposljednjoj godini studija iskuse svakodnevni rad na\u0161eg Dru\u0161tva. BDV-ov ljetni program po\u010dinje u srpnju. Mentorstvo je omogu\u0107eno i dostupno na svim razinama u Dru\u0161tvu, pa tako i studentima prava kojima je mentorstvo osobito va\u017eno. Svakom \u0107e ljetnom praktikantu kao mentori biti dodijeljeni jedan partner i jedan suradnik, koji \u0107e ga voditi tijekom cijelog trajanja programa. Dodjela se mentora mo\u017ee temeljiti na sli\u010dnim iskustvima ili interesima koje su praktikant i mentor utvrdili tijekom procesa intervjuiranja. Mentori partneri \u010desto neposredno rade s praktikantima. Proces [&hellip;]<\/p>\n","protected":false},"author":5,"featured_media":0,"parent":0,"menu_order":0,"comment_status":"closed","ping_status":"closed","template":"","meta":{"_acf_changed":false,"footnotes":""},"folder":[221],"class_list":["post-9635","page","type-page","status-publish","hentry"],"acf":[],"_links":{"self":[{"href":"https:\/\/www.bdvlegal.com\/hr\/wp-json\/wp\/v2\/pages\/9635","targetHints":{"allow":["GET"]}}],"collection":[{"href":"https:\/\/www.bdvlegal.com\/hr\/wp-json\/wp\/v2\/pages"}],"about":[{"href":"https:\/\/www.bdvlegal.com\/hr\/wp-json\/wp\/v2\/types\/page"}],"author":[{"embeddable":true,"href":"https:\/\/www.bdvlegal.com\/hr\/wp-json\/wp\/v2\/users\/5"}],"replies":[{"embeddable":true,"href":"https:\/\/www.bdvlegal.com\/hr\/wp-json\/wp\/v2\/comments?post=9635"}],"version-history":[{"count":0,"href":"https:\/\/www.bdvlegal.com\/hr\/wp-json\/wp\/v2\/pages\/9635\/revisions"}],"wp:attachment":[{"href":"https:\/\/www.bdvlegal.com\/hr\/wp-json\/wp\/v2\/media?parent=9635"}],"wp:term":[{"taxonomy":"folder","embeddable":true,"href":"https:\/\/www.bdvlegal.com\/hr\/wp-json\/wp\/v2\/folder?post=9635"}],"curies":[{"name":"wp","href":"https:\/\/api.w.org\/{rel}","templated":true}]}}